{"id":121,"date":"2025-10-14T17:27:08","date_gmt":"2025-10-14T17:27:08","guid":{"rendered":"http:\/\/www.stillejetzt.ch\/?page_id=121"},"modified":"2025-11-05T15:02:56","modified_gmt":"2025-11-05T15:02:56","slug":"ueber-mich","status":"publish","type":"page","link":"http:\/\/www.stillejetzt.ch\/?page_id=121","title":{"rendered":"\u00dcber mich"},"content":{"rendered":"\n<div class=\"wp-block-group alignfull is-style-section-2 has-background has-global-padding is-layout-constrained wp-block-group-is-layout-constrained is-style-section-2--1\" style=\"background-color:#edf1f7;margin-top:0;margin-bottom:0;padding-top:var(--wp--preset--spacing--60);padding-bottom:var(--wp--preset--spacing--60)\">\n<div class=\"wp-block-columns alignwide is-layout-flex wp-container-core-columns-is-layout-643ced6b wp-block-columns-is-layout-flex\">\n<div class=\"wp-block-column is-layout-flow wp-block-column-is-layout-flow\" style=\"flex-basis:40%\">\n<figure class=\"wp-block-image size-large\"><img loading=\"lazy\" decoding=\"async\" width=\"1024\" height=\"1024\" src=\"http:\/\/www.stillejetzt.ch\/wp-content\/uploads\/2025\/10\/315A0776_quadrat-2-1024x1024.jpg\" alt=\"\" class=\"wp-image-122\" srcset=\"http:\/\/www.stillejetzt.ch\/wp-content\/uploads\/2025\/10\/315A0776_quadrat-2-1024x1024.jpg 1024w, http:\/\/www.stillejetzt.ch\/wp-content\/uploads\/2025\/10\/315A0776_quadrat-2-300x300.jpg 300w, http:\/\/www.stillejetzt.ch\/wp-content\/uploads\/2025\/10\/315A0776_quadrat-2-150x150.jpg 150w, http:\/\/www.stillejetzt.ch\/wp-content\/uploads\/2025\/10\/315A0776_quadrat-2-768x768.jpg 768w, http:\/\/www.stillejetzt.ch\/wp-content\/uploads\/2025\/10\/315A0776_quadrat-2-1536x1536.jpg 1536w, http:\/\/www.stillejetzt.ch\/wp-content\/uploads\/2025\/10\/315A0776_quadrat-2-2048x2048.jpg 2048w\" sizes=\"auto, (max-width: 1024px) 100vw, 1024px\" \/><\/figure>\n\n\n\n<div style=\"height:24px\" aria-hidden=\"true\" class=\"wp-block-spacer\"><\/div>\n\n\n\n<figure class=\"wp-block-image alignleft size-full is-resized\"><img loading=\"lazy\" decoding=\"async\" width=\"567\" height=\"177\" src=\"http:\/\/www.stillejetzt.ch\/wp-content\/uploads\/2025\/10\/coach_48x15mm_rand_4c3.jpg\" alt=\"\" class=\"wp-image-214\" style=\"width:205px;height:auto\" srcset=\"http:\/\/www.stillejetzt.ch\/wp-content\/uploads\/2025\/10\/coach_48x15mm_rand_4c3.jpg 567w, http:\/\/www.stillejetzt.ch\/wp-content\/uploads\/2025\/10\/coach_48x15mm_rand_4c3-300x94.jpg 300w\" sizes=\"auto, (max-width: 567px) 100vw, 567px\" \/><\/figure>\n<\/div>\n\n\n\n<div class=\"wp-block-column is-vertically-aligned-center is-layout-flow wp-container-core-column-is-layout-119bc444 wp-block-column-is-layout-flow\" style=\"flex-basis:60%\">\n<h2 class=\"wp-block-heading\" style=\"font-size:clamp(1.352rem, 1.352rem + ((1vw - 0.2rem) * 1.33), 2.2rem);\">Sch\u00f6n, dass Du da bist! <\/h2>\n\n\n\n<p>Ich heisse Fritz M\u00fchlestein, wurde 1958 in Bern geboren und wuchs in Schwanden, einem Weiler in der N\u00e4he der Stadt Bern auf einem Bauernhof auf.<\/p>\n\n\n\n<p>Nach der Schule, der Lehre, dem Milit\u00e4rdienst und weiteren Ausbildungen \u00fcbernahm ich das elterliche Gesch\u00e4ft, das ich \u00fcber l\u00e4ngere Zeit f\u00fchrte. Nach dem Verkauf des Gesch\u00e4ftes war ich offen f\u00fcr Neues. Ich habe mich entschieden, eine Ausbildung zum Kinesiologen sowie eine Ausbildung zum Coach von \u00abThe Work\u00bb zu machen. Beide Ausbildungen waren f\u00fcr mich Wegmarken zu innerem Frieden und Akzeptanz.<\/p>\n\n\n\n<p>Ich wohne mit der Familie in Niederscherli. Die Kinder sind erwachsen und ausgezogen. Ich treibe gerne Sport, bewege mich auf dem Wasser und geniesse gerne auch die Natur.&nbsp;&nbsp;<\/p>\n<\/div>\n<\/div>\n<\/div>\n\n\n\n<div class=\"wp-block-group alignfull has-global-padding is-layout-constrained wp-container-core-group-is-layout-fd336f09 wp-block-group-is-layout-constrained\" style=\"margin-top:var(--wp--preset--spacing--30);margin-bottom:var(--wp--preset--spacing--30);padding-top:var(--wp--preset--spacing--50);padding-bottom:var(--wp--preset--spacing--50)\">\n<div class=\"wp-block-group alignwide is-layout-flow wp-block-group-is-layout-flow\">\n<p class=\"has-text-align-center is-style-text-display is-style-text-display--2\" style=\"font-size:clamp(20px, 1.25rem + ((1vw - 3.2px) * 1.176), 32px);font-style:normal;font-weight:400\">Hast du Interesse oder Fragen? Dann freue ich mich auf Deine Nachricht.<\/p>\n\n\n\n<div style=\"height:var(--wp--preset--spacing--30)\" aria-hidden=\"true\" class=\"wp-block-spacer\"><\/div>\n\n\n\n<ul class=\"wp-block-social-links has-icon-color is-style-logos-only is-content-justification-center is-layout-flex wp-container-core-social-links-is-layout-a89b3969 wp-block-social-links-is-layout-flex\"><li class=\"wp-social-link wp-social-link-mail has-contrast-color wp-block-social-link\"><a href=\"mailto:&#102;rm&#117;ehl&#101;&#115;&#116;e&#105;n&#064;b&#108;&#117;e&#119;&#105;&#110;&#046;c&#104;\" class=\"wp-block-social-link-anchor\"><svg width=\"24\" height=\"24\" viewBox=\"0 0 24 24\" version=\"1.1\" xmlns=\"http:\/\/www.w3.org\/2000\/svg\" aria-hidden=\"true\" focusable=\"false\"><path d=\"M19,5H5c-1.1,0-2,.9-2,2v10c0,1.1.9,2,2,2h14c1.1,0,2-.9,2-2V7c0-1.1-.9-2-2-2zm.5,12c0,.3-.2.5-.5.5H5c-.3,0-.5-.2-.5-.5V9.8l7.5,5.6,7.5-5.6V17zm0-9.1L12,13.6,4.5,7.9V7c0-.3.2-.5.5-.5h14c.3,0,.5.2.5.5v.9z\"><\/path><\/svg><span class=\"wp-block-social-link-label screen-reader-text\">Mail<\/span><\/a><\/li><\/ul>\n<\/div>\n<\/div>\n\n\n\n<div class=\"wp-block-group alignwide is-layout-flow wp-block-group-is-layout-flow\"><\/div>\n\n\n\n<p><\/p>\n","protected":false},"excerpt":{"rendered":"<p>Sch\u00f6n, dass Du da bist! Ich heisse Fritz M\u00fchlestein, wurde 1958 in Bern geboren und wuchs in Schwanden, einem Weiler in der N\u00e4he der Stadt Bern auf einem Bauernhof auf. Nach der Schule, der Lehre, dem Milit\u00e4rdienst und weiteren Ausbildungen \u00fcbernahm ich das elterliche Gesch\u00e4ft, das ich \u00fcber l\u00e4ngere Zeit f\u00fchrte. Nach dem Verkauf des [&hellip;]<\/p>\n","protected":false},"author":1,"featured_media":0,"parent":0,"menu_order":0,"comment_status":"closed","ping_status":"closed","template":"","meta":{"footnotes":""},"class_list":["post-121","page","type-page","status-publish","hentry"],"yoast_head":"<!-- This site is optimized with the Yoast SEO plugin v27.4 - https:\/\/yoast.com\/product\/yoast-seo-wordpress\/ -->\n<title>\u00dcber mich - Stille - jetzt.<\/title>\n<meta name=\"robots\" content=\"index, follow, max-snippet:-1, max-image-preview:large, max-video-preview:-1\" \/>\n<link rel=\"canonical\" href=\"http:\/\/www.stillejetzt.ch\/?page_id=121\" \/>\n<meta property=\"og:locale\" content=\"de_DE\" \/>\n<meta property=\"og:type\" content=\"article\" \/>\n<meta property=\"og:title\" content=\"\u00dcber mich - Stille - jetzt.\" \/>\n<meta property=\"og:description\" content=\"Sch\u00f6n, dass Du da bist! Ich heisse Fritz M\u00fchlestein, wurde 1958 in Bern geboren und wuchs in Schwanden, einem Weiler in der N\u00e4he der Stadt Bern auf einem Bauernhof auf. Nach der Schule, der Lehre, dem Milit\u00e4rdienst und weiteren Ausbildungen \u00fcbernahm ich das elterliche Gesch\u00e4ft, das ich \u00fcber l\u00e4ngere Zeit f\u00fchrte. Nach dem Verkauf des [&hellip;]\" \/>\n<meta property=\"og:url\" content=\"http:\/\/www.stillejetzt.ch\/?page_id=121\" \/>\n<meta property=\"og:site_name\" content=\"Stille - jetzt.\" \/>\n<meta property=\"article:modified_time\" content=\"2025-11-05T15:02:56+00:00\" \/>\n<meta property=\"og:image\" content=\"http:\/\/www.stillejetzt.ch\/wp-content\/uploads\/2025\/10\/315A0776_quadrat-2-1024x1024.jpg\" \/>\n<meta name=\"twitter:card\" content=\"summary_large_image\" \/>\n<meta name=\"twitter:label1\" content=\"Gesch\u00e4tzte Lesezeit\" \/>\n\t<meta name=\"twitter:data1\" content=\"1\u00a0Minute\" \/>\n<script type=\"application\/ld+json\" class=\"yoast-schema-graph\">{\"@context\":\"https:\\\/\\\/schema.org\",\"@graph\":[{\"@type\":\"WebPage\",\"@id\":\"http:\\\/\\\/www.stillejetzt.ch\\\/?page_id=121\",\"url\":\"http:\\\/\\\/www.stillejetzt.ch\\\/?page_id=121\",\"name\":\"\u00dcber mich - Stille - jetzt.\",\"isPartOf\":{\"@id\":\"https:\\\/\\\/www.stillejetzt.ch\\\/#website\"},\"primaryImageOfPage\":{\"@id\":\"http:\\\/\\\/www.stillejetzt.ch\\\/?page_id=121#primaryimage\"},\"image\":{\"@id\":\"http:\\\/\\\/www.stillejetzt.ch\\\/?page_id=121#primaryimage\"},\"thumbnailUrl\":\"http:\\\/\\\/www.stillejetzt.ch\\\/wp-content\\\/uploads\\\/2025\\\/10\\\/315A0776_quadrat-2-1024x1024.jpg\",\"datePublished\":\"2025-10-14T17:27:08+00:00\",\"dateModified\":\"2025-11-05T15:02:56+00:00\",\"breadcrumb\":{\"@id\":\"http:\\\/\\\/www.stillejetzt.ch\\\/?page_id=121#breadcrumb\"},\"inLanguage\":\"de\",\"potentialAction\":[{\"@type\":\"ReadAction\",\"target\":[\"http:\\\/\\\/www.stillejetzt.ch\\\/?page_id=121\"]}]},{\"@type\":\"ImageObject\",\"inLanguage\":\"de\",\"@id\":\"http:\\\/\\\/www.stillejetzt.ch\\\/?page_id=121#primaryimage\",\"url\":\"http:\\\/\\\/www.stillejetzt.ch\\\/wp-content\\\/uploads\\\/2025\\\/10\\\/315A0776_quadrat-2-scaled.jpg\",\"contentUrl\":\"http:\\\/\\\/www.stillejetzt.ch\\\/wp-content\\\/uploads\\\/2025\\\/10\\\/315A0776_quadrat-2-scaled.jpg\",\"width\":2560,\"height\":2560},{\"@type\":\"BreadcrumbList\",\"@id\":\"http:\\\/\\\/www.stillejetzt.ch\\\/?page_id=121#breadcrumb\",\"itemListElement\":[{\"@type\":\"ListItem\",\"position\":1,\"name\":\"Startseite\",\"item\":\"https:\\\/\\\/www.stillejetzt.ch\\\/\"},{\"@type\":\"ListItem\",\"position\":2,\"name\":\"\u00dcber mich\"}]},{\"@type\":\"WebSite\",\"@id\":\"https:\\\/\\\/www.stillejetzt.ch\\\/#website\",\"url\":\"https:\\\/\\\/www.stillejetzt.ch\\\/\",\"name\":\"Stille - jetzt.\",\"description\":\"\",\"potentialAction\":[{\"@type\":\"SearchAction\",\"target\":{\"@type\":\"EntryPoint\",\"urlTemplate\":\"https:\\\/\\\/www.stillejetzt.ch\\\/?s={search_term_string}\"},\"query-input\":{\"@type\":\"PropertyValueSpecification\",\"valueRequired\":true,\"valueName\":\"search_term_string\"}}],\"inLanguage\":\"de\"}]}<\/script>\n<!-- \/ Yoast SEO plugin. -->","yoast_head_json":{"title":"\u00dcber mich - Stille - jetzt.","robots":{"index":"index","follow":"follow","max-snippet":"max-snippet:-1","max-image-preview":"max-image-preview:large","max-video-preview":"max-video-preview:-1"},"canonical":"http:\/\/www.stillejetzt.ch\/?page_id=121","og_locale":"de_DE","og_type":"article","og_title":"\u00dcber mich - Stille - jetzt.","og_description":"Sch\u00f6n, dass Du da bist! Ich heisse Fritz M\u00fchlestein, wurde 1958 in Bern geboren und wuchs in Schwanden, einem Weiler in der N\u00e4he der Stadt Bern auf einem Bauernhof auf. Nach der Schule, der Lehre, dem Milit\u00e4rdienst und weiteren Ausbildungen \u00fcbernahm ich das elterliche Gesch\u00e4ft, das ich \u00fcber l\u00e4ngere Zeit f\u00fchrte. Nach dem Verkauf des [&hellip;]","og_url":"http:\/\/www.stillejetzt.ch\/?page_id=121","og_site_name":"Stille - jetzt.","article_modified_time":"2025-11-05T15:02:56+00:00","og_image":[{"url":"http:\/\/www.stillejetzt.ch\/wp-content\/uploads\/2025\/10\/315A0776_quadrat-2-1024x1024.jpg","type":"","width":"","height":""}],"twitter_card":"summary_large_image","twitter_misc":{"Gesch\u00e4tzte Lesezeit":"1\u00a0Minute"},"schema":{"@context":"https:\/\/schema.org","@graph":[{"@type":"WebPage","@id":"http:\/\/www.stillejetzt.ch\/?page_id=121","url":"http:\/\/www.stillejetzt.ch\/?page_id=121","name":"\u00dcber mich - Stille - jetzt.","isPartOf":{"@id":"https:\/\/www.stillejetzt.ch\/#website"},"primaryImageOfPage":{"@id":"http:\/\/www.stillejetzt.ch\/?page_id=121#primaryimage"},"image":{"@id":"http:\/\/www.stillejetzt.ch\/?page_id=121#primaryimage"},"thumbnailUrl":"http:\/\/www.stillejetzt.ch\/wp-content\/uploads\/2025\/10\/315A0776_quadrat-2-1024x1024.jpg","datePublished":"2025-10-14T17:27:08+00:00","dateModified":"2025-11-05T15:02:56+00:00","breadcrumb":{"@id":"http:\/\/www.stillejetzt.ch\/?page_id=121#breadcrumb"},"inLanguage":"de","potentialAction":[{"@type":"ReadAction","target":["http:\/\/www.stillejetzt.ch\/?page_id=121"]}]},{"@type":"ImageObject","inLanguage":"de","@id":"http:\/\/www.stillejetzt.ch\/?page_id=121#primaryimage","url":"http:\/\/www.stillejetzt.ch\/wp-content\/uploads\/2025\/10\/315A0776_quadrat-2-scaled.jpg","contentUrl":"http:\/\/www.stillejetzt.ch\/wp-content\/uploads\/2025\/10\/315A0776_quadrat-2-scaled.jpg","width":2560,"height":2560},{"@type":"BreadcrumbList","@id":"http:\/\/www.stillejetzt.ch\/?page_id=121#breadcrumb","itemListElement":[{"@type":"ListItem","position":1,"name":"Startseite","item":"https:\/\/www.stillejetzt.ch\/"},{"@type":"ListItem","position":2,"name":"\u00dcber mich"}]},{"@type":"WebSite","@id":"https:\/\/www.stillejetzt.ch\/#website","url":"https:\/\/www.stillejetzt.ch\/","name":"Stille - jetzt.","description":"","potentialAction":[{"@type":"SearchAction","target":{"@type":"EntryPoint","urlTemplate":"https:\/\/www.stillejetzt.ch\/?s={search_term_string}"},"query-input":{"@type":"PropertyValueSpecification","valueRequired":true,"valueName":"search_term_string"}}],"inLanguage":"de"}]}},"_links":{"self":[{"href":"http:\/\/www.stillejetzt.ch\/index.php?rest_route=\/wp\/v2\/pages\/121","targetHints":{"allow":["GET"]}}],"collection":[{"href":"http:\/\/www.stillejetzt.ch\/index.php?rest_route=\/wp\/v2\/pages"}],"about":[{"href":"http:\/\/www.stillejetzt.ch\/index.php?rest_route=\/wp\/v2\/types\/page"}],"author":[{"embeddable":true,"href":"http:\/\/www.stillejetzt.ch\/index.php?rest_route=\/wp\/v2\/users\/1"}],"replies":[{"embeddable":true,"href":"http:\/\/www.stillejetzt.ch\/index.php?rest_route=%2Fwp%2Fv2%2Fcomments&post=121"}],"version-history":[{"count":14,"href":"http:\/\/www.stillejetzt.ch\/index.php?rest_route=\/wp\/v2\/pages\/121\/revisions"}],"predecessor-version":[{"id":233,"href":"http:\/\/www.stillejetzt.ch\/index.php?rest_route=\/wp\/v2\/pages\/121\/revisions\/233"}],"wp:attachment":[{"href":"http:\/\/www.stillejetzt.ch\/index.php?rest_route=%2Fwp%2Fv2%2Fmedia&parent=121"}],"curies":[{"name":"wp","href":"https:\/\/api.w.org\/{rel}","templated":true}]}}